{"id":1650,"date":"2016-12-19T16:32:23","date_gmt":"2016-12-19T16:32:23","guid":{"rendered":"https:\/\/research.gsd.harvard.edu\/mci\/?page_id=1650"},"modified":"2016-12-19T16:32:23","modified_gmt":"2016-12-19T16:32:23","slug":"arianna-galan","status":"publish","type":"page","link":"https:\/\/research.gsd.harvard.edu\/mci\/arianna-galan\/","title":{"rendered":"Arianna Gal\u00e1n"},"content":{"rendered":"<p>Arianna M. Gal\u00e1n Mont\u00e1s is an Architectural Designer at Kohn Pedersen Fox Associates in New York City, where she works on the development of international architectural and master planning projects. She received her Master in Architecture I from Harvard University Graduate School of Design in May 2016 and her Bachelor of Arts in Architecture and Urban Studies from University of Pennsylvania.&nbsp;<\/p>\n<p>Arianna is passionate about sustainable design, social housing and urban planning and development. Her M.Arch.I thesis addressed the interrelationship between architecture, landscape, and urban form through the study of coastal mass tourism, a prevalent development strategy in the Global South and in her home country, the Dominican Republic. Most recently, her research work in the Yucat\u00e1n Initiative enabled her to further engage in similar issues of housing, resilience and preservation in Latin America through the analysis of architectural typologies specific to the territory and their transformation over time.<\/p>\n<p class=\"p1\"><a  class=\"pixcode  pixcode--btn  btn  btn--small  btn--gamma\" href=\"https:\/\/research.gsd.harvard.edu\/mci\/portfolio\/2016-fellows\" >Back to 2016 Fellows<\/a>\n","protected":false},"excerpt":{"rendered":"<p>Arianna M. Gal\u00e1n Mont\u00e1s is an Architectural Designer at Kohn Pedersen Fox Associates in New York City, where she works on the development of international architectural and master planning projects. She received her Master in Architecture I from Harvard University Graduate School of Design in May 2016 and her Bachelor of Arts in Architecture and Urban Studies from University of Pennsylvania.&nbsp; Arianna is passionate about sustainable design, social housing and urban planning and development. Her M.Arch.I thesis addressed the interrelationship between architecture, landscape, and urban form through the study of coastal mass tourism, a prevalent development strategy in the Global [&hellip;]<\/p>\n","protected":false},"author":87,"featured_media":0,"parent":0,"menu_order":0,"comment_status":"closed","ping_status":"closed","template":"","meta":{"_monsterinsights_skip_tracking":false,"_monsterinsights_sitenote_active":false,"_monsterinsights_sitenote_note":"","_monsterinsights_sitenote_category":0,"ngg_post_thumbnail":0,"footnotes":""},"class_list":["post-1650","page","type-page","status-publish","hentry"],"yoast_head":"<!-- This site is optimized with the Yoast SEO plugin v26.7 - https:\/\/yoast.com\/wordpress\/plugins\/seo\/ -->\n<title>Arianna Gal\u00e1n - MCI<\/title>\n<meta name=\"robots\" content=\"index, follow, max-snippet:-1, max-image-preview:large, max-video-preview:-1\" \/>\n<link rel=\"canonical\" href=\"https:\/\/research.gsd.harvard.edu\/mci\/arianna-galan\/\" \/>\n<meta property=\"og:locale\" content=\"en_US\" \/>\n<meta property=\"og:type\" content=\"article\" \/>\n<meta property=\"og:title\" content=\"Arianna Gal\u00e1n - MCI\" \/>\n<meta property=\"og:description\" content=\"Arianna M. Gal\u00e1n Mont\u00e1s is an Architectural Designer at Kohn Pedersen Fox Associates in New York City, where she works on the development of international architectural and master planning projects. She received her Master in Architecture I from Harvard University Graduate School of Design in May 2016 and her Bachelor of Arts in Architecture and Urban Studies from University of Pennsylvania.&nbsp; Arianna is passionate about sustainable design, social housing and urban planning and development. Her M.Arch.I thesis addressed the interrelationship between architecture, landscape, and urban form through the study of coastal mass tourism, a prevalent development strategy in the Global [&hellip;]\" \/>\n<meta property=\"og:url\" content=\"https:\/\/research.gsd.harvard.edu\/mci\/arianna-galan\/\" \/>\n<meta property=\"og:site_name\" content=\"MCI\" \/>\n<meta name=\"twitter:card\" content=\"summary_large_image\" \/>\n<meta name=\"twitter:label1\" content=\"Est. reading time\" \/>\n\t<meta name=\"twitter:data1\" content=\"1 minute\" \/>\n<script type=\"application\/ld+json\" class=\"yoast-schema-graph\">{\"@context\":\"https:\/\/schema.org\",\"@graph\":[{\"@type\":\"WebPage\",\"@id\":\"https:\/\/research.gsd.harvard.edu\/mci\/arianna-galan\/\",\"url\":\"https:\/\/research.gsd.harvard.edu\/mci\/arianna-galan\/\",\"name\":\"Arianna Gal\u00e1n - MCI\",\"isPartOf\":{\"@id\":\"https:\/\/research.gsd.harvard.edu\/mci\/#website\"},\"datePublished\":\"2016-12-19T16:32:23+00:00\",\"breadcrumb\":{\"@id\":\"https:\/\/research.gsd.harvard.edu\/mci\/arianna-galan\/#breadcrumb\"},\"inLanguage\":\"en-US\",\"potentialAction\":[{\"@type\":\"ReadAction\",\"target\":[\"https:\/\/research.gsd.harvard.edu\/mci\/arianna-galan\/\"]}]},{\"@type\":\"BreadcrumbList\",\"@id\":\"https:\/\/research.gsd.harvard.edu\/mci\/arianna-galan\/#breadcrumb\",\"itemListElement\":[{\"@type\":\"ListItem\",\"position\":1,\"name\":\"Home\",\"item\":\"https:\/\/research.gsd.harvard.edu\/mci\/\"},{\"@type\":\"ListItem\",\"position\":2,\"name\":\"Arianna Gal\u00e1n\"}]},{\"@type\":\"WebSite\",\"@id\":\"https:\/\/research.gsd.harvard.edu\/mci\/#website\",\"url\":\"https:\/\/research.gsd.harvard.edu\/mci\/\",\"name\":\"Mexican Cities Initiative\",\"description\":\"Mexican Cities Initiative\",\"publisher\":{\"@id\":\"https:\/\/research.gsd.harvard.edu\/mci\/#organization\"},\"potentialAction\":[{\"@type\":\"SearchAction\",\"target\":{\"@type\":\"EntryPoint\",\"urlTemplate\":\"https:\/\/research.gsd.harvard.edu\/mci\/?s={search_term_string}\"},\"query-input\":{\"@type\":\"PropertyValueSpecification\",\"valueRequired\":true,\"valueName\":\"search_term_string\"}}],\"inLanguage\":\"en-US\"},{\"@type\":\"Organization\",\"@id\":\"https:\/\/research.gsd.harvard.edu\/mci\/#organization\",\"name\":\"Mexican Cities Initiative\",\"url\":\"https:\/\/research.gsd.harvard.edu\/mci\/\",\"logo\":{\"@type\":\"ImageObject\",\"inLanguage\":\"en-US\",\"@id\":\"https:\/\/research.gsd.harvard.edu\/mci\/#\/schema\/logo\/image\/\",\"url\":\"https:\/\/research.gsd.harvard.edu\/mci\/files\/2019\/11\/cropped-mci-logo.png\",\"contentUrl\":\"https:\/\/research.gsd.harvard.edu\/mci\/files\/2019\/11\/cropped-mci-logo.png\",\"width\":170,\"height\":127,\"caption\":\"Mexican Cities Initiative\"},\"image\":{\"@id\":\"https:\/\/research.gsd.harvard.edu\/mci\/#\/schema\/logo\/image\/\"}}]}<\/script>\n<!-- \/ Yoast SEO plugin. -->","yoast_head_json":{"title":"Arianna Gal\u00e1n - MCI","robots":{"index":"index","follow":"follow","max-snippet":"max-snippet:-1","max-image-preview":"max-image-preview:large","max-video-preview":"max-video-preview:-1"},"canonical":"https:\/\/research.gsd.harvard.edu\/mci\/arianna-galan\/","og_locale":"en_US","og_type":"article","og_title":"Arianna Gal\u00e1n - MCI","og_description":"Arianna M. Gal\u00e1n Mont\u00e1s is an Architectural Designer at Kohn Pedersen Fox Associates in New York City, where she works on the development of international architectural and master planning projects. She received her Master in Architecture I from Harvard University Graduate School of Design in May 2016 and her Bachelor of Arts in Architecture and Urban Studies from University of Pennsylvania.&nbsp; Arianna is passionate about sustainable design, social housing and urban planning and development. Her M.Arch.I thesis addressed the interrelationship between architecture, landscape, and urban form through the study of coastal mass tourism, a prevalent development strategy in the Global [&hellip;]","og_url":"https:\/\/research.gsd.harvard.edu\/mci\/arianna-galan\/","og_site_name":"MCI","twitter_card":"summary_large_image","twitter_misc":{"Est. reading time":"1 minute"},"schema":{"@context":"https:\/\/schema.org","@graph":[{"@type":"WebPage","@id":"https:\/\/research.gsd.harvard.edu\/mci\/arianna-galan\/","url":"https:\/\/research.gsd.harvard.edu\/mci\/arianna-galan\/","name":"Arianna Gal\u00e1n - MCI","isPartOf":{"@id":"https:\/\/research.gsd.harvard.edu\/mci\/#website"},"datePublished":"2016-12-19T16:32:23+00:00","breadcrumb":{"@id":"https:\/\/research.gsd.harvard.edu\/mci\/arianna-galan\/#breadcrumb"},"inLanguage":"en-US","potentialAction":[{"@type":"ReadAction","target":["https:\/\/research.gsd.harvard.edu\/mci\/arianna-galan\/"]}]},{"@type":"BreadcrumbList","@id":"https:\/\/research.gsd.harvard.edu\/mci\/arianna-galan\/#breadcrumb","itemListElement":[{"@type":"ListItem","position":1,"name":"Home","item":"https:\/\/research.gsd.harvard.edu\/mci\/"},{"@type":"ListItem","position":2,"name":"Arianna Gal\u00e1n"}]},{"@type":"WebSite","@id":"https:\/\/research.gsd.harvard.edu\/mci\/#website","url":"https:\/\/research.gsd.harvard.edu\/mci\/","name":"Mexican Cities Initiative","description":"Mexican Cities Initiative","publisher":{"@id":"https:\/\/research.gsd.harvard.edu\/mci\/#organization"},"potentialAction":[{"@type":"SearchAction","target":{"@type":"EntryPoint","urlTemplate":"https:\/\/research.gsd.harvard.edu\/mci\/?s={search_term_string}"},"query-input":{"@type":"PropertyValueSpecification","valueRequired":true,"valueName":"search_term_string"}}],"inLanguage":"en-US"},{"@type":"Organization","@id":"https:\/\/research.gsd.harvard.edu\/mci\/#organization","name":"Mexican Cities Initiative","url":"https:\/\/research.gsd.harvard.edu\/mci\/","logo":{"@type":"ImageObject","inLanguage":"en-US","@id":"https:\/\/research.gsd.harvard.edu\/mci\/#\/schema\/logo\/image\/","url":"https:\/\/research.gsd.harvard.edu\/mci\/files\/2019\/11\/cropped-mci-logo.png","contentUrl":"https:\/\/research.gsd.harvard.edu\/mci\/files\/2019\/11\/cropped-mci-logo.png","width":170,"height":127,"caption":"Mexican Cities Initiative"},"image":{"@id":"https:\/\/research.gsd.harvard.edu\/mci\/#\/schema\/logo\/image\/"}}]}},"jetpack_sharing_enabled":true,"_links":{"self":[{"href":"https:\/\/research.gsd.harvard.edu\/mci\/wp-json\/wp\/v2\/pages\/1650","targetHints":{"allow":["GET"]}}],"collection":[{"href":"https:\/\/research.gsd.harvard.edu\/mci\/wp-json\/wp\/v2\/pages"}],"about":[{"href":"https:\/\/research.gsd.harvard.edu\/mci\/wp-json\/wp\/v2\/types\/page"}],"author":[{"embeddable":true,"href":"https:\/\/research.gsd.harvard.edu\/mci\/wp-json\/wp\/v2\/users\/87"}],"replies":[{"embeddable":true,"href":"https:\/\/research.gsd.harvard.edu\/mci\/wp-json\/wp\/v2\/comments?post=1650"}],"version-history":[{"count":0,"href":"https:\/\/research.gsd.harvard.edu\/mci\/wp-json\/wp\/v2\/pages\/1650\/revisions"}],"wp:attachment":[{"href":"https:\/\/research.gsd.harvard.edu\/mci\/wp-json\/wp\/v2\/media?parent=1650"}],"curies":[{"name":"wp","href":"https:\/\/api.w.org\/{rel}","templated":true}]}}