{"id":3299,"date":"2023-06-02T14:11:33","date_gmt":"2023-06-02T14:11:33","guid":{"rendered":"https:\/\/research.gsd.harvard.edu\/mci\/?page_id=3299"},"modified":"2023-06-02T14:11:33","modified_gmt":"2023-06-02T14:11:33","slug":"juan-fernandez-gonzalez","status":"publish","type":"page","link":"https:\/\/research.gsd.harvard.edu\/mci\/juan-fernandez-gonzalez\/","title":{"rendered":"Juan Fern\u00e1ndez Gonz\u00e1lez"},"content":{"rendered":"<p class=\"p1\">Juan Fern\u00e1ndez Gonz\u00e1lez is a current student in the Master of Architecture I program at the Harvard Graduate School of Design, having obtained a B.Sc. Architecture degree from McGill University in 2019. He is interested in mathematics and architecture, circulation and mobility, universal design, and hand drawing in architecture. His work has been published by Buildings and Cities, the Journal of Humanistic Mathematics, and the Nexus Network Journal, among others, and has been featured on the websites of the Harvard Graduate School of Design and McGill University. Juan has been a speaker at the Canadian Mathematical Society Winter Meeting, the Sixth International Conference on Universal Design, the Universities Art Association of Canada, and the Nexus Network Conference. During his time at the GSD, he co-founded the GSD Sketching Group with Olivia Champ &#8220;to dignify sketching within the design professions and to strengthen its relevance in a university context.&#8221; He has also worked for Frida Escobedo\u2019s studio in Mexico City.<\/p>\n<p class=\"p1\">Juan spent his childhood in \u201cthe city of eternal spring\u201d, Cuernavaca, Mexico. As a 2022 MCI Fellow, he conducted research on the relationship between hiddenness and informality of transportation systems in Mexico City. His MCI research can be found <a href=\"https:\/\/research.gsd.harvard.edu\/mci\/portfolio\/concealed-public-transportation-in-mexico-city-the-invisible-stops-of-peseros\/\">here<\/a>.<\/p>\n","protected":false},"excerpt":{"rendered":"<p>Juan Fern\u00e1ndez Gonz\u00e1lez is a current student in the Master of Architecture I program at the Harvard Graduate School of Design, having obtained a B.Sc. Architecture degree from McGill University in 2019. He is interested in mathematics and architecture, circulation and mobility, universal design, and hand drawing in architecture. His work has been published by Buildings and Cities, the Journal of Humanistic Mathematics, and the Nexus Network Journal, among others, and has been featured on the websites of the Harvard Graduate School of Design and McGill University. Juan has been a speaker at the Canadian Mathematical Society Winter Meeting, the [&hellip;]<\/p>\n","protected":false},"author":170,"featured_media":0,"parent":0,"menu_order":0,"comment_status":"closed","ping_status":"closed","template":"","meta":{"_monsterinsights_skip_tracking":false,"_monsterinsights_sitenote_active":false,"_monsterinsights_sitenote_note":"","_monsterinsights_sitenote_category":0,"ngg_post_thumbnail":0,"footnotes":""},"class_list":["post-3299","page","type-page","status-publish","hentry"],"yoast_head":"<!-- This site is optimized with the Yoast SEO plugin v26.7 - https:\/\/yoast.com\/wordpress\/plugins\/seo\/ -->\n<title>Juan Fern\u00e1ndez Gonz\u00e1lez - MCI<\/title>\n<meta name=\"robots\" content=\"index, follow, max-snippet:-1, max-image-preview:large, max-video-preview:-1\" \/>\n<link rel=\"canonical\" href=\"https:\/\/research.gsd.harvard.edu\/mci\/juan-fernandez-gonzalez\/\" \/>\n<meta property=\"og:locale\" content=\"en_US\" \/>\n<meta property=\"og:type\" content=\"article\" \/>\n<meta property=\"og:title\" content=\"Juan Fern\u00e1ndez Gonz\u00e1lez - MCI\" \/>\n<meta property=\"og:description\" content=\"Juan Fern\u00e1ndez Gonz\u00e1lez is a current student in the Master of Architecture I program at the Harvard Graduate School of Design, having obtained a B.Sc. Architecture degree from McGill University in 2019. He is interested in mathematics and architecture, circulation and mobility, universal design, and hand drawing in architecture. His work has been published by Buildings and Cities, the Journal of Humanistic Mathematics, and the Nexus Network Journal, among others, and has been featured on the websites of the Harvard Graduate School of Design and McGill University. Juan has been a speaker at the Canadian Mathematical Society Winter Meeting, the [&hellip;]\" \/>\n<meta property=\"og:url\" content=\"https:\/\/research.gsd.harvard.edu\/mci\/juan-fernandez-gonzalez\/\" \/>\n<meta property=\"og:site_name\" content=\"MCI\" \/>\n<meta name=\"twitter:card\" content=\"summary_large_image\" \/>\n<meta name=\"twitter:label1\" content=\"Est. reading time\" \/>\n\t<meta name=\"twitter:data1\" content=\"1 minute\" \/>\n<script type=\"application\/ld+json\" class=\"yoast-schema-graph\">{\"@context\":\"https:\/\/schema.org\",\"@graph\":[{\"@type\":\"WebPage\",\"@id\":\"https:\/\/research.gsd.harvard.edu\/mci\/juan-fernandez-gonzalez\/\",\"url\":\"https:\/\/research.gsd.harvard.edu\/mci\/juan-fernandez-gonzalez\/\",\"name\":\"Juan Fern\u00e1ndez Gonz\u00e1lez - MCI\",\"isPartOf\":{\"@id\":\"https:\/\/research.gsd.harvard.edu\/mci\/#website\"},\"datePublished\":\"2023-06-02T14:11:33+00:00\",\"breadcrumb\":{\"@id\":\"https:\/\/research.gsd.harvard.edu\/mci\/juan-fernandez-gonzalez\/#breadcrumb\"},\"inLanguage\":\"en-US\",\"potentialAction\":[{\"@type\":\"ReadAction\",\"target\":[\"https:\/\/research.gsd.harvard.edu\/mci\/juan-fernandez-gonzalez\/\"]}]},{\"@type\":\"BreadcrumbList\",\"@id\":\"https:\/\/research.gsd.harvard.edu\/mci\/juan-fernandez-gonzalez\/#breadcrumb\",\"itemListElement\":[{\"@type\":\"ListItem\",\"position\":1,\"name\":\"Home\",\"item\":\"https:\/\/research.gsd.harvard.edu\/mci\/\"},{\"@type\":\"ListItem\",\"position\":2,\"name\":\"Juan Fern\u00e1ndez Gonz\u00e1lez\"}]},{\"@type\":\"WebSite\",\"@id\":\"https:\/\/research.gsd.harvard.edu\/mci\/#website\",\"url\":\"https:\/\/research.gsd.harvard.edu\/mci\/\",\"name\":\"Mexican Cities Initiative\",\"description\":\"Mexican Cities Initiative\",\"publisher\":{\"@id\":\"https:\/\/research.gsd.harvard.edu\/mci\/#organization\"},\"potentialAction\":[{\"@type\":\"SearchAction\",\"target\":{\"@type\":\"EntryPoint\",\"urlTemplate\":\"https:\/\/research.gsd.harvard.edu\/mci\/?s={search_term_string}\"},\"query-input\":{\"@type\":\"PropertyValueSpecification\",\"valueRequired\":true,\"valueName\":\"search_term_string\"}}],\"inLanguage\":\"en-US\"},{\"@type\":\"Organization\",\"@id\":\"https:\/\/research.gsd.harvard.edu\/mci\/#organization\",\"name\":\"Mexican Cities Initiative\",\"url\":\"https:\/\/research.gsd.harvard.edu\/mci\/\",\"logo\":{\"@type\":\"ImageObject\",\"inLanguage\":\"en-US\",\"@id\":\"https:\/\/research.gsd.harvard.edu\/mci\/#\/schema\/logo\/image\/\",\"url\":\"https:\/\/research.gsd.harvard.edu\/mci\/files\/2019\/11\/cropped-mci-logo.png\",\"contentUrl\":\"https:\/\/research.gsd.harvard.edu\/mci\/files\/2019\/11\/cropped-mci-logo.png\",\"width\":170,\"height\":127,\"caption\":\"Mexican Cities Initiative\"},\"image\":{\"@id\":\"https:\/\/research.gsd.harvard.edu\/mci\/#\/schema\/logo\/image\/\"}}]}<\/script>\n<!-- \/ Yoast SEO plugin. -->","yoast_head_json":{"title":"Juan Fern\u00e1ndez Gonz\u00e1lez - MCI","robots":{"index":"index","follow":"follow","max-snippet":"max-snippet:-1","max-image-preview":"max-image-preview:large","max-video-preview":"max-video-preview:-1"},"canonical":"https:\/\/research.gsd.harvard.edu\/mci\/juan-fernandez-gonzalez\/","og_locale":"en_US","og_type":"article","og_title":"Juan Fern\u00e1ndez Gonz\u00e1lez - MCI","og_description":"Juan Fern\u00e1ndez Gonz\u00e1lez is a current student in the Master of Architecture I program at the Harvard Graduate School of Design, having obtained a B.Sc. Architecture degree from McGill University in 2019. He is interested in mathematics and architecture, circulation and mobility, universal design, and hand drawing in architecture. His work has been published by Buildings and Cities, the Journal of Humanistic Mathematics, and the Nexus Network Journal, among others, and has been featured on the websites of the Harvard Graduate School of Design and McGill University. Juan has been a speaker at the Canadian Mathematical Society Winter Meeting, the [&hellip;]","og_url":"https:\/\/research.gsd.harvard.edu\/mci\/juan-fernandez-gonzalez\/","og_site_name":"MCI","twitter_card":"summary_large_image","twitter_misc":{"Est. reading time":"1 minute"},"schema":{"@context":"https:\/\/schema.org","@graph":[{"@type":"WebPage","@id":"https:\/\/research.gsd.harvard.edu\/mci\/juan-fernandez-gonzalez\/","url":"https:\/\/research.gsd.harvard.edu\/mci\/juan-fernandez-gonzalez\/","name":"Juan Fern\u00e1ndez Gonz\u00e1lez - MCI","isPartOf":{"@id":"https:\/\/research.gsd.harvard.edu\/mci\/#website"},"datePublished":"2023-06-02T14:11:33+00:00","breadcrumb":{"@id":"https:\/\/research.gsd.harvard.edu\/mci\/juan-fernandez-gonzalez\/#breadcrumb"},"inLanguage":"en-US","potentialAction":[{"@type":"ReadAction","target":["https:\/\/research.gsd.harvard.edu\/mci\/juan-fernandez-gonzalez\/"]}]},{"@type":"BreadcrumbList","@id":"https:\/\/research.gsd.harvard.edu\/mci\/juan-fernandez-gonzalez\/#breadcrumb","itemListElement":[{"@type":"ListItem","position":1,"name":"Home","item":"https:\/\/research.gsd.harvard.edu\/mci\/"},{"@type":"ListItem","position":2,"name":"Juan Fern\u00e1ndez Gonz\u00e1lez"}]},{"@type":"WebSite","@id":"https:\/\/research.gsd.harvard.edu\/mci\/#website","url":"https:\/\/research.gsd.harvard.edu\/mci\/","name":"Mexican Cities Initiative","description":"Mexican Cities Initiative","publisher":{"@id":"https:\/\/research.gsd.harvard.edu\/mci\/#organization"},"potentialAction":[{"@type":"SearchAction","target":{"@type":"EntryPoint","urlTemplate":"https:\/\/research.gsd.harvard.edu\/mci\/?s={search_term_string}"},"query-input":{"@type":"PropertyValueSpecification","valueRequired":true,"valueName":"search_term_string"}}],"inLanguage":"en-US"},{"@type":"Organization","@id":"https:\/\/research.gsd.harvard.edu\/mci\/#organization","name":"Mexican Cities Initiative","url":"https:\/\/research.gsd.harvard.edu\/mci\/","logo":{"@type":"ImageObject","inLanguage":"en-US","@id":"https:\/\/research.gsd.harvard.edu\/mci\/#\/schema\/logo\/image\/","url":"https:\/\/research.gsd.harvard.edu\/mci\/files\/2019\/11\/cropped-mci-logo.png","contentUrl":"https:\/\/research.gsd.harvard.edu\/mci\/files\/2019\/11\/cropped-mci-logo.png","width":170,"height":127,"caption":"Mexican Cities Initiative"},"image":{"@id":"https:\/\/research.gsd.harvard.edu\/mci\/#\/schema\/logo\/image\/"}}]}},"jetpack_sharing_enabled":true,"_links":{"self":[{"href":"https:\/\/research.gsd.harvard.edu\/mci\/wp-json\/wp\/v2\/pages\/3299","targetHints":{"allow":["GET"]}}],"collection":[{"href":"https:\/\/research.gsd.harvard.edu\/mci\/wp-json\/wp\/v2\/pages"}],"about":[{"href":"https:\/\/research.gsd.harvard.edu\/mci\/wp-json\/wp\/v2\/types\/page"}],"author":[{"embeddable":true,"href":"https:\/\/research.gsd.harvard.edu\/mci\/wp-json\/wp\/v2\/users\/170"}],"replies":[{"embeddable":true,"href":"https:\/\/research.gsd.harvard.edu\/mci\/wp-json\/wp\/v2\/comments?post=3299"}],"version-history":[{"count":0,"href":"https:\/\/research.gsd.harvard.edu\/mci\/wp-json\/wp\/v2\/pages\/3299\/revisions"}],"wp:attachment":[{"href":"https:\/\/research.gsd.harvard.edu\/mci\/wp-json\/wp\/v2\/media?parent=3299"}],"curies":[{"name":"wp","href":"https:\/\/api.w.org\/{rel}","templated":true}]}}